{"id":375,"date":"2024-04-04T18:24:50","date_gmt":"2024-04-04T18:24:50","guid":{"rendered":"https:\/\/www.luculus.com\/nase-zelatiny\/"},"modified":"2024-05-07T23:30:05","modified_gmt":"2024-05-07T23:30:05","slug":"nase-zelatiny","status":"publish","type":"page","link":"https:\/\/www.luculus.com\/sk\/nase-zelatiny\/","title":{"rendered":"Na\u0161e \u017eelat\u00edny"},"content":{"rendered":"[vc_row type=&#8220;full_width_content&#8220; full_screen_row_position=&#8220;middle&#8220; column_margin=&#8220;default&#8220; column_direction=&#8220;default&#8220; column_direction_tablet=&#8220;default&#8220; column_direction_phone=&#8220;default&#8220; animated_gradient_bg=&#8220;true&#8220; animated_gradient_bg_color_1=&#8220;#0e2234&#8243; animated_gradient_bg_color_2=&#8220;#7a432f&#8220; animated_gradient_bg_speed=&#8220;850&#8243; animated_gradient_bg_blending_mode=&#8220;linear&#8220; scene_position=&#8220;center&#8220; top_padding=&#8220;0&#8243; constrain_group_1=&#8220;yes&#8220; bottom_padding=&#8220;0&#8243; text_color=&#8220;dark&#8220; text_align=&#8220;left&#8220; row_border_radius=&#8220;none&#8220; row_border_radius_applies=&#8220;bg&#8220; overflow=&#8220;visible&#8220; overlay_strength=&#8220;0.3&#8243; gradient_direction=&#8220;left_to_right&#8220; shape_divider_position=&#8220;bottom&#8220; bg_image_animation=&#8220;none&#8220; gradient_type=&#8220;default&#8220; shape_type=&#8220;&#8220;][vc_column column_padding=&#8220;no-extra-padding&#8220; column_padding_tablet=&#8220;inherit&#8220; column_padding_phone=&#8220;inherit&#8220; column_padding_position=&#8220;all&#8220; column_element_direction_desktop=&#8220;default&#8220; column_element_spacing=&#8220;default&#8220; desktop_text_alignment=&#8220;default&#8220; tablet_text_alignment=&#8220;default&#8220; phone_text_alignment=&#8220;default&#8220; background_color_opacity=&#8220;1&#8243; background_hover_color_opacity=&#8220;1&#8243; column_backdrop_filter=&#8220;none&#8220; column_shadow=&#8220;none&#8220; column_border_radius=&#8220;none&#8220; column_link_target=&#8220;_self&#8220; column_position=&#8220;default&#8220; gradient_direction=&#8220;left_to_right&#8220; overlay_strength=&#8220;0.3&#8243; width=&#8220;1\/1&#8243; tablet_width_inherit=&#8220;default&#8220; animation_type=&#8220;default&#8220; bg_image_animation=&#8220;none&#8220; border_type=&#8220;simple&#8220; column_border_width=&#8220;none&#8220; column_border_style=&#8220;solid&#8220;][nectar_scrolling_text scroll_direction=&#8220;ltr&#8220; scroll_speed=&#8220;slow&#8220; style=&#8220;text_outline&#8220; outline_thickness=&#8220;ultra-thin&#8220; outline_applies_to=&#8220;text_only&#8220; text_repeat_number=&#8220;2&#8243; text_repeat_divider=&#8220;none&#8220; overflow=&#8220;hidden&#8220; background_image_animation=&#8220;None&#8220; custom_font_size=&#8220;34vh&#8220; custom_font_size_mobile=&#8220;22vh&#8220;]\n<h1 style=\"text-align: center;\"><em>objavte na\u0161e \u017eelat\u00ednky<\/em><\/h1>\n[\/nectar_scrolling_text][\/vc_column][\/vc_row][vc_row type=&#8220;full_width_content&#8220; full_screen_row_position=&#8220;middle&#8220; column_margin=&#8220;default&#8220; column_direction=&#8220;default&#8220; column_direction_tablet=&#8220;default&#8220; column_direction_phone=&#8220;default&#8220; bg_color=&#8220;#f7f7f7&#8243; scene_position=&#8220;center&#8220; top_padding=&#8220;4%&#8220; constrain_group_1=&#8220;yes&#8220; bottom_padding=&#8220;4%&#8220; left_padding_desktop=&#8220;6%&#8220; constrain_group_2=&#8220;yes&#8220; right_padding_desktop=&#8220;6%&#8220; top_padding_tablet=&#8220;4%&#8220; constrain_group_3=&#8220;yes&#8220; bottom_padding_tablet=&#8220;4%&#8220; top_padding_phone=&#8220;8%&#8220; constrain_group_5=&#8220;yes&#8220; bottom_padding_phone=&#8220;8%&#8220; text_color=&#8220;custom&#8220; custom_text_color=&#8220;#0e2234&#8243; text_align=&#8220;left&#8220; row_border_radius=&#8220;none&#8220; row_border_radius_applies=&#8220;bg&#8220; overflow=&#8220;visible&#8220; overlay_strength=&#8220;0.3&#8243; gradient_direction=&#8220;left_to_right&#8220; shape_divider_position=&#8220;bottom&#8220; bg_image_animation=&#8220;none&#8220; shape_type=&#8220;&#8220; gradient_type=&#8220;default&#8220;][vc_column column_padding=&#8220;no-extra-padding&#8220; column_padding_tablet=&#8220;inherit&#8220; column_padding_phone=&#8220;inherit&#8220; column_padding_position=&#8220;all&#8220; column_element_direction_desktop=&#8220;default&#8220; column_element_spacing=&#8220;default&#8220; desktop_text_alignment=&#8220;default&#8220; tablet_text_alignment=&#8220;default&#8220; phone_text_alignment=&#8220;default&#8220; background_color_opacity=&#8220;1&#8243; background_hover_color_opacity=&#8220;1&#8243; column_backdrop_filter=&#8220;none&#8220; column_shadow=&#8220;none&#8220; column_border_radius=&#8220;none&#8220; column_link_target=&#8220;_self&#8220; column_position=&#8220;default&#8220; gradient_direction=&#8220;left_to_right&#8220; overlay_strength=&#8220;0.3&#8243; width=&#8220;1\/1&#8243; tablet_width_inherit=&#8220;default&#8220; animation_type=&#8220;default&#8220; bg_image_animation=&#8220;none&#8220; border_type=&#8220;simple&#8220; column_border_width=&#8220;none&#8220; column_border_style=&#8220;solid&#8220;][vc_row_inner column_margin=&#8220;none&#8220; column_direction=&#8220;default&#8220; column_direction_tablet=&#8220;default&#8220; column_direction_phone=&#8220;default&#8220; bottom_padding=&#8220;35&#8243; left_padding_desktop=&#8220;24%&#8220; constrain_group_2=&#8220;yes&#8220; right_padding_desktop=&#8220;24%&#8220; bottom_padding_tablet=&#8220;25&#8243; constrain_group_4=&#8220;yes&#8220; left_padding_phone=&#8220;12%&#8220; constrain_group_6=&#8220;yes&#8220; right_padding_phone=&#8220;12%&#8220; text_align=&#8220;left&#8220; row_position=&#8220;default&#8220; row_position_tablet=&#8220;inherit&#8220; row_position_phone=&#8220;inherit&#8220; overflow=&#8220;visible&#8220; pointer_events=&#8220;all&#8220;][vc_column_inner column_padding=&#8220;no-extra-padding&#8220; column_padding_tablet=&#8220;inherit&#8220; column_padding_phone=&#8220;inherit&#8220; column_padding_position=&#8220;all&#8220; column_element_direction_desktop=&#8220;default&#8220; column_element_spacing=&#8220;default&#8220; centered_text=&#8220;true&#8220; desktop_text_alignment=&#8220;default&#8220; tablet_text_alignment=&#8220;default&#8220; phone_text_alignment=&#8220;default&#8220; background_color_opacity=&#8220;1&#8243; background_hover_color_opacity=&#8220;1&#8243; column_backdrop_filter=&#8220;none&#8220; column_shadow=&#8220;none&#8220; column_border_radius=&#8220;none&#8220; column_link_target=&#8220;_self&#8220; overflow=&#8220;visible&#8220; gradient_direction=&#8220;left_to_right&#8220; overlay_strength=&#8220;0.3&#8243; width=&#8220;1\/1&#8243; tablet_width_inherit=&#8220;default&#8220; animation_type=&#8220;default&#8220; enable_animation=&#8220;true&#8220; animation=&#8220;fade-in-from-bottom&#8220; animation_easing=&#8220;default&#8220; bg_image_animation=&#8220;none&#8220; border_type=&#8220;simple&#8220; column_border_width=&#8220;none&#8220; column_border_style=&#8220;solid&#8220;][nectar_gradient_text heading_tag=&#8220;h2&#8243; color=&#8220;extra-color-gradient-1&#8243; gradient_direction=&#8220;horizontal&#8220; text=&#8220;Objavte na\u0161e <br \/>Gelatos&#8220;][\/vc_column_inner][\/vc_row_inner][nectar_post_grid post_type=&#8220;portfolio&#8220; portfolio_category=&#8220;all&#8220; order=&#8220;DESC&#8220; orderby=&#8220;date&#8220; pagination=&#8220;load-more&#8220; button_color=&#8220;extra-color-gradient-1&#8243; columns=&#8220;3&#8243; columns_tablet=&#8220;2&#8243; columns_phone=&#8220;1&#8243; grid_item_spacing=&#8220;15px&#8220; grid_item_height=&#8220;30vh&#8220; 3_col_masonry_layout=&#8220;default&#8220; image_size=&#8220;full&#8220; aspect_ratio_image_size=&#8220;yes&#8220; custom_image_aspect_ratio=&#8220;default&#8220; image_loading=&#8220;lazy-load&#8220; animation=&#8220;fade-in-from-bottom&#8220; animation_stagger=&#8220;90&#8243; animation_easing=&#8220;default&#8220; heading_tag=&#8220;h4&#8243; enable_indicator=&#8220;yes&#8220; mouse_indicator_style=&#8220;default&#8220; mouse_indicator_text=&#8220;view&#8220; mouse_indicator_color=&#8220;#0e2234&#8243; mouse_indicator_text_color=&#8220;#f5a069&#8243; mouse_indicator_blurred_bg=&#8220;yes&#8220; additional_meta_size=&#8220;default&#8220; grid_style=&#8220;content_under_image&#8220; card_design=&#8220;yes&#8220; card_bg_color=&#8220;#f9f9f9&#8243; card_bg_color_hover=&#8220;#f7f7f7&#8243; content_under_image_text_align=&#8220;center&#8220; text_color=&#8220;dark&#8220; hover_effect=&#8220;zoom&#8220; border_radius=&#8220;10px&#8220; shadow_on_hover=&#8220;yes&#8220; card_design_bg_color=&#8220;#00cae8&#8243; posts_per_page=&#8220;15&#8243; display_type=&#8220;grid&#8220; font_size_phone=&#8220;3vh&#8220; font_line_height=&#8220;1.3&#8243; font_size_tablet=&#8220;3vh&#8220; custom_font_size=&#8220;3vh&#8220;][\/vc_column][\/vc_row]\n","protected":false},"excerpt":{"rendered":"<p>[vc_row type=&#8220;full_width_content&#8220; full_screen_row_position=&#8220;middle&#8220; column_margin=&#8220;default&#8220; column_direction=&#8220;default&#8220; column_direction_tablet=&#8220;default&#8220; column_direction_phone=&#8220;default&#8220; animated_gradient_bg=&#8220;true&#8220; animated_gradient_bg_color_1=&#8220;#0e2234&#8243; animated_gradient_bg_color_2=&#8220;#7a432f&#8220; animated_gradient_bg_speed=&#8220;850&#8243; animated_gradient_bg_blending_mode=&#8220;linear&#8220; scene_position=&#8220;center&#8220; top_padding=&#8220;0&#8243; constrain_group_1=&#8220;yes&#8220; bottom_padding=&#8220;0&#8243; text_color=&#8220;dark&#8220; text_align=&#8220;left&#8220; row_border_radius=&#8220;none&#8220; row_border_radius_applies=&#8220;bg&#8220; overflow=&#8220;visible&#8220; overlay_strength=&#8220;0.3&#8243; gradient_direction=&#8220;left_to_right&#8220; shape_divider_position=&#8220;bottom&#8220; bg_image_animation=&#8220;none&#8220; gradient_type=&#8220;default&#8220; shape_type=&#8220;&#8220;][vc_column column_padding=&#8220;no-extra-padding&#8220; column_padding_tablet=&#8220;inherit&#8220; column_padding_phone=&#8220;inherit&#8220;&#8230;<\/p>\n","protected":false},"author":1,"featured_media":0,"parent":0,"menu_order":0,"comment_status":"closed","ping_status":"closed","template":"","meta":{"footnotes":""},"class_list":["post-375","page","type-page","status-publish"],"_links":{"self":[{"href":"https:\/\/www.luculus.com\/sk\/wp-json\/wp\/v2\/pages\/375","targetHints":{"allow":["GET"]}}],"collection":[{"href":"https:\/\/www.luculus.com\/sk\/wp-json\/wp\/v2\/pages"}],"about":[{"href":"https:\/\/www.luculus.com\/sk\/wp-json\/wp\/v2\/types\/page"}],"author":[{"embeddable":true,"href":"https:\/\/www.luculus.com\/sk\/wp-json\/wp\/v2\/users\/1"}],"replies":[{"embeddable":true,"href":"https:\/\/www.luculus.com\/sk\/wp-json\/wp\/v2\/comments?post=375"}],"version-history":[{"count":3,"href":"https:\/\/www.luculus.com\/sk\/wp-json\/wp\/v2\/pages\/375\/revisions"}],"predecessor-version":[{"id":389,"href":"https:\/\/www.luculus.com\/sk\/wp-json\/wp\/v2\/pages\/375\/revisions\/389"}],"wp:attachment":[{"href":"https:\/\/www.luculus.com\/sk\/wp-json\/wp\/v2\/media?parent=375"}],"curies":[{"name":"wp","href":"https:\/\/api.w.org\/{rel}","templated":true}]}}